{"id":26,"date":"2025-10-03T11:46:10","date_gmt":"2025-10-03T11:46:10","guid":{"rendered":"https:\/\/stilovitae.com\/?page_id=26"},"modified":"2025-10-10T11:39:02","modified_gmt":"2025-10-10T11:39:02","slug":"quienes-somos","status":"publish","type":"page","link":"https:\/\/stilovitae.com\/en\/quienes-somos\/","title":{"rendered":"Quienes somos"},"content":{"rendered":"<style>.kb-row-layout-id26_351fe1-0e > .kt-row-column-wrap{align-content:center;}:where(.kb-row-layout-id26_351fe1-0e > .kt-row-column-wrap) > .wp-block-kadence-column{justify-content:center;}.kb-row-layout-id26_351fe1-0e > .kt-row-column-wrap{column-gap:var(--global-kb-gap-lg, 4rem);row-gap:var(--global-kb-gap-md, 2rem);max-width:1290px;padding-top:var(--global-kb-spacing-xxl, 5rem);padding-bottom:var(--global-kb-spacing-xxl, 5rem);grid-template-columns:repeat(2, minmax(0, 1fr));}.kb-row-layout-id26_351fe1-0e{background-color:var(--global-palette9, #ffffff);}.kb-row-layout-id26_351fe1-0e > .kt-row-layout-overlay{opacity:0.30;}@media all and (max-width: 1024px){.kb-row-layout-id26_351fe1-0e > .kt-row-column-wrap{column-gap:var(--global-kb-gap-md, 2rem);padding-top:var(--global-kb-spacing-lg, 3rem);padding-bottom:var(--global-kb-spacing-lg, 3rem);grid-template-columns:minmax(0, 1fr);}}@media all and (max-width: 767px){.kb-row-layout-id26_351fe1-0e > .kt-row-column-wrap{grid-template-columns:minmax(0, 1fr);}}<\/style><div class=\"kb-row-layout-wrap kb-row-layout-id26_351fe1-0e alignfull has-theme-palette9-background-color kt-row-has-bg wp-block-kadence-rowlayout\"><div class=\"kt-row-column-wrap kt-has-2-columns kt-row-layout-equal kt-tab-layout-row kt-mobile-layout-row kt-row-valign-middle kb-theme-content-width\">\n<style>.kadence-column26_824a00-cb > .kt-inside-inner-col{display:flex;}.kadence-column26_824a00-cb > .kt-inside-inner-col,.kadence-column26_824a00-cb > .kt-inside-inner-col:before{border-top-left-radius:0px;border-top-right-radius:0px;border-bottom-right-radius:0px;border-bottom-left-radius:0px;}.kadence-column26_824a00-cb > .kt-inside-inner-col{column-gap:var(--global-kb-gap-sm, 1rem);}.kadence-column26_824a00-cb > .kt-inside-inner-col{flex-direction:column;justify-content:center;}.kadence-column26_824a00-cb > .kt-inside-inner-col > .aligncenter{width:100%;}.kt-row-column-wrap > .kadence-column26_824a00-cb{align-self:center;}.kt-inner-column-height-full:not(.kt-has-1-columns) > .wp-block-kadence-column.kadence-column26_824a00-cb{align-self:auto;}.kt-inner-column-height-full:not(.kt-has-1-columns) > .wp-block-kadence-column.kadence-column26_824a00-cb > .kt-inside-inner-col{flex-direction:column;justify-content:center;}.kadence-column26_824a00-cb > .kt-inside-inner-col:before{opacity:0.3;}.kadence-column26_824a00-cb{text-align:left;}.kadence-column26_824a00-cb{position:relative;}@media all and (max-width: 1024px){.kt-row-column-wrap > .kadence-column26_824a00-cb{align-self:center;}}@media all and (max-width: 1024px){.kt-inner-column-height-full:not(.kt-has-1-columns) > .wp-block-kadence-column.kadence-column26_824a00-cb{align-self:auto;}}@media all and (max-width: 1024px){.kt-inner-column-height-full:not(.kt-has-1-columns) > .wp-block-kadence-column.kadence-column26_824a00-cb > .kt-inside-inner-col{flex-direction:column;justify-content:center;}}@media all and (max-width: 1024px){.kadence-column26_824a00-cb > .kt-inside-inner-col{flex-direction:column;justify-content:center;}}@media all and (max-width: 767px){.kt-row-column-wrap > .kadence-column26_824a00-cb{align-self:center;}.kt-inner-column-height-full:not(.kt-has-1-columns) > .wp-block-kadence-column.kadence-column26_824a00-cb{align-self:auto;}.kt-inner-column-height-full:not(.kt-has-1-columns) > .wp-block-kadence-column.kadence-column26_824a00-cb > .kt-inside-inner-col{flex-direction:column;justify-content:center;}.kadence-column26_824a00-cb > .kt-inside-inner-col{flex-direction:column;justify-content:center;}}<\/style>\n<div class=\"wp-block-kadence-column kadence-column26_824a00-cb kb-section-dir-vertical inner-column-1\"><div class=\"kt-inside-inner-col\"><style>.wp-block-kadence-advancedheading.kt-adv-heading26_b5dbb7-dd, .wp-block-kadence-advancedheading.kt-adv-heading26_b5dbb7-dd[data-kb-block=\"kb-adv-heading26_b5dbb7-dd\"]{line-height:1.2;font-style:normal;color:var(--global-palette3, #1A202C);}.wp-block-kadence-advancedheading.kt-adv-heading26_b5dbb7-dd mark.kt-highlight, .wp-block-kadence-advancedheading.kt-adv-heading26_b5dbb7-dd[data-kb-block=\"kb-adv-heading26_b5dbb7-dd\"] mark.kt-highlight{font-style:normal;color:#f76a0c;-webkit-box-decoration-break:clone;box-decoration-break:clone;padding-top:0px;padding-right:0px;padding-bottom:0px;padding-left:0px;}.wp-block-kadence-advancedheading.kt-adv-heading26_b5dbb7-dd img.kb-inline-image, .wp-block-kadence-advancedheading.kt-adv-heading26_b5dbb7-dd[data-kb-block=\"kb-adv-heading26_b5dbb7-dd\"] img.kb-inline-image{width:150px;vertical-align:baseline;}@media all and (max-width: 1024px){.wp-block-kadence-advancedheading.kt-adv-heading26_b5dbb7-dd, .wp-block-kadence-advancedheading.kt-adv-heading26_b5dbb7-dd[data-kb-block=\"kb-adv-heading26_b5dbb7-dd\"]{padding-right:0px;}}<\/style>\n<h1 class=\"kt-adv-heading26_b5dbb7-dd wp-block-kadence-advancedheading has-theme-palette-3-color has-text-color\" data-kb-block=\"kb-adv-heading26_b5dbb7-dd\">Stilo Vitae: Fisioterapia y Osteopat\u00eda en Lanzarote<\/h1>\n<\/div><\/div>\n\n\n<style>.kadence-column26_898658-46 > .kt-inside-inner-col,.kadence-column26_898658-46 > .kt-inside-inner-col:before{border-top-left-radius:0px;border-top-right-radius:0px;border-bottom-right-radius:0px;border-bottom-left-radius:0px;}.kadence-column26_898658-46 > .kt-inside-inner-col{column-gap:0px;}.kadence-column26_898658-46 > .kt-inside-inner-col{flex-direction:column;}.kadence-column26_898658-46 > .kt-inside-inner-col > .aligncenter{width:100%;}.kadence-column26_898658-46 > .kt-inside-inner-col:before{opacity:0.3;}.kadence-column26_898658-46{text-align:left;}.kadence-column26_898658-46{position:relative;}@media all and (max-width: 1024px){.kadence-column26_898658-46 > .kt-inside-inner-col{flex-direction:column;justify-content:center;}}@media all and (max-width: 767px){.kadence-column26_898658-46 > .kt-inside-inner-col{flex-direction:column;justify-content:center;}}<\/style>\n<div class=\"wp-block-kadence-column kadence-column26_898658-46 kb-section-dir-vertical inner-column-2\"><div class=\"kt-inside-inner-col\"><style>.kb-image26_d04d6a-22 .kb-image-has-overlay:after{opacity:0.3;}<\/style>\n<figure class=\"wp-block-kadence-image kb-image26_d04d6a-22 size-large kb-image-is-ratio-size\"><div class=\"kb-is-ratio-image kb-image-ratio-land43\"><img loading=\"lazy\" decoding=\"async\" width=\"1024\" height=\"683\" src=\"https:\/\/stilovitae.com\/wp-content\/uploads\/2025\/10\/STILO-VITAE-LANZAROTE-8-1024x683.jpg\" alt=\"\" class=\"kb-img wp-image-448\" srcset=\"https:\/\/stilovitae.com\/wp-content\/uploads\/2025\/10\/STILO-VITAE-LANZAROTE-8-1024x683.jpg 1024w, https:\/\/stilovitae.com\/wp-content\/uploads\/2025\/10\/STILO-VITAE-LANZAROTE-8-300x200.jpg 300w, https:\/\/stilovitae.com\/wp-content\/uploads\/2025\/10\/STILO-VITAE-LANZAROTE-8-768x512.jpg 768w, https:\/\/stilovitae.com\/wp-content\/uploads\/2025\/10\/STILO-VITAE-LANZAROTE-8-1536x1024.jpg 1536w\" sizes=\"auto, (max-width: 1024px) 100vw, 1024px\" \/><\/div><\/figure>\n<\/div><\/div>\n\n<\/div><\/div>\n\n<style>.kb-row-layout-id26_180a0f-0b > .kt-row-column-wrap{align-content:start;}:where(.kb-row-layout-id26_180a0f-0b > .kt-row-column-wrap) > .wp-block-kadence-column{justify-content:start;}.kb-row-layout-id26_180a0f-0b > .kt-row-column-wrap{column-gap:var(--global-kb-gap-md, 2rem);row-gap:var(--global-kb-gap-md, 2rem);padding-top:var(--global-kb-spacing-sm, 1.5rem);padding-bottom:var(--global-kb-spacing-sm, 1.5rem);grid-template-columns:minmax(0, 1fr);}.kb-row-layout-id26_180a0f-0b > .kt-row-layout-overlay{opacity:0.30;}@media all and (max-width: 1024px){.kb-row-layout-id26_180a0f-0b > .kt-row-column-wrap{grid-template-columns:minmax(0, 1fr);}}@media all and (max-width: 767px){.kb-row-layout-id26_180a0f-0b > .kt-row-column-wrap{grid-template-columns:minmax(0, 1fr);}}<\/style><div class=\"kb-row-layout-wrap kb-row-layout-id26_180a0f-0b alignnone wp-block-kadence-rowlayout\"><div class=\"kt-row-column-wrap kt-has-1-columns kt-row-layout-equal kt-tab-layout-inherit kt-mobile-layout-row kt-row-valign-top\">\n<style>.kadence-column26_8cee53-41 > .kt-inside-inner-col,.kadence-column26_8cee53-41 > .kt-inside-inner-col:before{border-top-left-radius:0px;border-top-right-radius:0px;border-bottom-right-radius:0px;border-bottom-left-radius:0px;}.kadence-column26_8cee53-41 > .kt-inside-inner-col{column-gap:var(--global-kb-gap-sm, 1rem);}.kadence-column26_8cee53-41 > .kt-inside-inner-col{flex-direction:column;}.kadence-column26_8cee53-41 > .kt-inside-inner-col > .aligncenter{width:100%;}.kadence-column26_8cee53-41 > .kt-inside-inner-col:before{opacity:0.3;}.kadence-column26_8cee53-41{position:relative;}@media all and (max-width: 1024px){.kadence-column26_8cee53-41 > .kt-inside-inner-col{flex-direction:column;justify-content:center;}}@media all and (max-width: 767px){.kadence-column26_8cee53-41 > .kt-inside-inner-col{flex-direction:column;justify-content:center;}}<\/style>\n<div class=\"wp-block-kadence-column kadence-column26_8cee53-41\"><div class=\"kt-inside-inner-col\"><style>.wp-block-kadence-advancedheading.kt-adv-heading26_2c6e8e-68, .wp-block-kadence-advancedheading.kt-adv-heading26_2c6e8e-68[data-kb-block=\"kb-adv-heading26_2c6e8e-68\"]{font-style:normal;}.wp-block-kadence-advancedheading.kt-adv-heading26_2c6e8e-68 mark.kt-highlight, .wp-block-kadence-advancedheading.kt-adv-heading26_2c6e8e-68[data-kb-block=\"kb-adv-heading26_2c6e8e-68\"] mark.kt-highlight{font-style:normal;color:#f76a0c;-webkit-box-decoration-break:clone;box-decoration-break:clone;padding-top:0px;padding-right:0px;padding-bottom:0px;padding-left:0px;}.wp-block-kadence-advancedheading.kt-adv-heading26_2c6e8e-68 img.kb-inline-image, .wp-block-kadence-advancedheading.kt-adv-heading26_2c6e8e-68[data-kb-block=\"kb-adv-heading26_2c6e8e-68\"] img.kb-inline-image{width:150px;vertical-align:baseline;}<\/style>\n<h2 class=\"kt-adv-heading26_2c6e8e-68 wp-block-kadence-advancedheading\" data-kb-block=\"kb-adv-heading26_2c6e8e-68\">Cuidamos de Ti con un Enfoque Personalizado y Profesional<\/h2>\n\n\n\n<p>&nbsp;En <strong>Stilo Vitae<\/strong> creemos en una fisioterapia cercana, humana y basada en la evidencia cient\u00edfica. Nuestro equipo est\u00e1 formado por fisioterapeutas y oste\u00f3patas con amplia experiencia en el tratamiento de lesiones, dolores musculares y recuperaci\u00f3n funcional. Nos especializamos en t\u00e9cnicas manuales y en terapias que promueven la salud desde la prevenci\u00f3n y la recuperaci\u00f3n activa.<\/p>\n\n\n\n<p>&nbsp;Nuestro objetivo es ayudarte a recuperar tu bienestar f\u00edsico y mejorar tu calidad de vida. Trabajamos con un enfoque integral, adaptando cada tratamiento a las necesidades del paciente, ya sea deportista o p\u00fablico general. En <strong>Stilo Vitae<\/strong> encontrar\u00e1s un espacio moderno, profesional y orientado a la salud del movimiento.<\/p>\n<\/div><\/div>\n\n<\/div><\/div>","protected":false},"excerpt":{"rendered":"<p>Stilo Vitae: Fisioterapia y Osteopat\u00eda en Lanzarote Cuidamos de Ti con un Enfoque Personalizado y Profesional &nbsp;En Stilo Vitae creemos en una fisioterapia cercana, humana y basada en la evidencia cient\u00edfica. Nuestro equipo est\u00e1 formado por fisioterapeutas y oste\u00f3patas con amplia experiencia en el tratamiento de lesiones, dolores musculares y recuperaci\u00f3n funcional. Nos especializamos en [&hellip;]<\/p>","protected":false},"author":2,"featured_media":69,"parent":0,"menu_order":0,"comment_status":"closed","ping_status":"closed","template":"","meta":{"_acf_changed":false,"_kad_blocks_custom_css":"","_kad_blocks_head_custom_js":"","_kad_blocks_body_custom_js":"","_kad_blocks_footer_custom_js":"","_joinchat":[],"footnotes":""},"class_list":["post-26","page","type-page","status-publish","has-post-thumbnail","hentry"],"blocksy_meta":[],"acf":[],"yoast_head":"<!-- This site is optimized with the Yoast SEO plugin v27.3 - https:\/\/yoast.com\/product\/yoast-seo-wordpress\/ -->\n<title>Sobre Nosotros | Stilo Vitae Lanzarote | Fisioterapia y Osteopat\u00eda<\/title>\n<meta name=\"description\" content=\"Conoce Stilo Vitae, centro de fisioterapia y osteopat\u00eda en Lanzarote. Profesionales comprometidos con tu salud y bienestar. Atenci\u00f3n personalizada y cercana.\" \/>\n<meta name=\"robots\" content=\"index, follow, max-snippet:-1, max-image-preview:large, max-video-preview:-1\" \/>\n<link rel=\"canonical\" href=\"https:\/\/stilovitae.com\/en\/quienes-somos\/\" \/>\n<meta property=\"og:locale\" content=\"en_GB\" \/>\n<meta property=\"og:type\" content=\"article\" \/>\n<meta property=\"og:title\" content=\"Sobre Nosotros | Stilo Vitae Lanzarote | Fisioterapia y Osteopat\u00eda\" \/>\n<meta property=\"og:description\" content=\"Conoce Stilo Vitae, centro de fisioterapia y osteopat\u00eda en Lanzarote. Profesionales comprometidos con tu salud y bienestar. Atenci\u00f3n personalizada y cercana.\" \/>\n<meta property=\"og:url\" content=\"https:\/\/stilovitae.com\/en\/quienes-somos\/\" \/>\n<meta property=\"og:site_name\" content=\"Fisioterapia Lanzarote - StiloVitae\" \/>\n<meta property=\"article:modified_time\" content=\"2025-10-10T11:39:02+00:00\" \/>\n<meta property=\"og:image\" content=\"https:\/\/stilovitae.com\/wp-content\/uploads\/2025\/10\/stilo-vitae-fisioterapia-lanzarote-6-e1759931865332.jpg\" \/>\n\t<meta property=\"og:image:width\" content=\"1620\" \/>\n\t<meta property=\"og:image:height\" content=\"913\" \/>\n\t<meta property=\"og:image:type\" content=\"image\/jpeg\" \/>\n<meta name=\"twitter:card\" content=\"summary_large_image\" \/>\n<meta name=\"twitter:label1\" content=\"Estimated reading time\" \/>\n\t<meta name=\"twitter:data1\" content=\"1 minute\" \/>\n<script type=\"application\/ld+json\" class=\"yoast-schema-graph\">{\"@context\":\"https:\\\/\\\/schema.org\",\"@graph\":[{\"@type\":\"WebPage\",\"@id\":\"https:\\\/\\\/stilovitae.com\\\/quienes-somos\\\/\",\"url\":\"https:\\\/\\\/stilovitae.com\\\/quienes-somos\\\/\",\"name\":\"Sobre Nosotros | Stilo Vitae Lanzarote | Fisioterapia y Osteopat\u00eda\",\"isPartOf\":{\"@id\":\"https:\\\/\\\/stilovitae.com\\\/#website\"},\"primaryImageOfPage\":{\"@id\":\"https:\\\/\\\/stilovitae.com\\\/quienes-somos\\\/#primaryimage\"},\"image\":{\"@id\":\"https:\\\/\\\/stilovitae.com\\\/quienes-somos\\\/#primaryimage\"},\"thumbnailUrl\":\"https:\\\/\\\/stilovitae.com\\\/wp-content\\\/uploads\\\/2025\\\/10\\\/stilo-vitae-fisioterapia-lanzarote-6-e1759931865332.jpg\",\"datePublished\":\"2025-10-03T11:46:10+00:00\",\"dateModified\":\"2025-10-10T11:39:02+00:00\",\"description\":\"Conoce Stilo Vitae, centro de fisioterapia y osteopat\u00eda en Lanzarote. Profesionales comprometidos con tu salud y bienestar. Atenci\u00f3n personalizada y cercana.\",\"breadcrumb\":{\"@id\":\"https:\\\/\\\/stilovitae.com\\\/quienes-somos\\\/#breadcrumb\"},\"inLanguage\":\"en-GB\",\"potentialAction\":[{\"@type\":\"ReadAction\",\"target\":[\"https:\\\/\\\/stilovitae.com\\\/quienes-somos\\\/\"]}]},{\"@type\":\"ImageObject\",\"inLanguage\":\"en-GB\",\"@id\":\"https:\\\/\\\/stilovitae.com\\\/quienes-somos\\\/#primaryimage\",\"url\":\"https:\\\/\\\/stilovitae.com\\\/wp-content\\\/uploads\\\/2025\\\/10\\\/stilo-vitae-fisioterapia-lanzarote-6-e1759931865332.jpg\",\"contentUrl\":\"https:\\\/\\\/stilovitae.com\\\/wp-content\\\/uploads\\\/2025\\\/10\\\/stilo-vitae-fisioterapia-lanzarote-6-e1759931865332.jpg\",\"width\":1620,\"height\":913},{\"@type\":\"BreadcrumbList\",\"@id\":\"https:\\\/\\\/stilovitae.com\\\/quienes-somos\\\/#breadcrumb\",\"itemListElement\":[{\"@type\":\"ListItem\",\"position\":1,\"name\":\"Portada\",\"item\":\"https:\\\/\\\/stilovitae.com\\\/\"},{\"@type\":\"ListItem\",\"position\":2,\"name\":\"Quienes somos\"}]},{\"@type\":\"WebSite\",\"@id\":\"https:\\\/\\\/stilovitae.com\\\/#website\",\"url\":\"https:\\\/\\\/stilovitae.com\\\/\",\"name\":\"Fisioterapia Lanzarote - StiloVitae\",\"description\":\"Centro de fisioterapia y rehabilitaci&oacute;n\",\"publisher\":{\"@id\":\"https:\\\/\\\/stilovitae.com\\\/#organization\"},\"potentialAction\":[{\"@type\":\"SearchAction\",\"target\":{\"@type\":\"EntryPoint\",\"urlTemplate\":\"https:\\\/\\\/stilovitae.com\\\/?s={search_term_string}\"},\"query-input\":{\"@type\":\"PropertyValueSpecification\",\"valueRequired\":true,\"valueName\":\"search_term_string\"}}],\"inLanguage\":\"en-GB\"},{\"@type\":\"Organization\",\"@id\":\"https:\\\/\\\/stilovitae.com\\\/#organization\",\"name\":\"Fisioterapia Lanzarote - StiloVitae\",\"url\":\"https:\\\/\\\/stilovitae.com\\\/\",\"logo\":{\"@type\":\"ImageObject\",\"inLanguage\":\"en-GB\",\"@id\":\"https:\\\/\\\/stilovitae.com\\\/#\\\/schema\\\/logo\\\/image\\\/\",\"url\":\"https:\\\/\\\/stilovitae.com\\\/wp-content\\\/uploads\\\/2025\\\/10\\\/logo.png\",\"contentUrl\":\"https:\\\/\\\/stilovitae.com\\\/wp-content\\\/uploads\\\/2025\\\/10\\\/logo.png\",\"width\":270,\"height\":270,\"caption\":\"Fisioterapia Lanzarote - StiloVitae\"},\"image\":{\"@id\":\"https:\\\/\\\/stilovitae.com\\\/#\\\/schema\\\/logo\\\/image\\\/\"}}]}<\/script>\n<!-- \/ Yoast SEO plugin. -->","yoast_head_json":{"title":"Sobre Nosotros | Stilo Vitae Lanzarote | Fisioterapia y Osteopat\u00eda","description":"Conoce Stilo Vitae, centro de fisioterapia y osteopat\u00eda en Lanzarote. Profesionales comprometidos con tu salud y bienestar. Atenci\u00f3n personalizada y cercana.","robots":{"index":"index","follow":"follow","max-snippet":"max-snippet:-1","max-image-preview":"max-image-preview:large","max-video-preview":"max-video-preview:-1"},"canonical":"https:\/\/stilovitae.com\/en\/quienes-somos\/","og_locale":"en_GB","og_type":"article","og_title":"Sobre Nosotros | Stilo Vitae Lanzarote | Fisioterapia y Osteopat\u00eda","og_description":"Conoce Stilo Vitae, centro de fisioterapia y osteopat\u00eda en Lanzarote. Profesionales comprometidos con tu salud y bienestar. Atenci\u00f3n personalizada y cercana.","og_url":"https:\/\/stilovitae.com\/en\/quienes-somos\/","og_site_name":"Fisioterapia Lanzarote - StiloVitae","article_modified_time":"2025-10-10T11:39:02+00:00","og_image":[{"width":1620,"height":913,"url":"https:\/\/stilovitae.com\/wp-content\/uploads\/2025\/10\/stilo-vitae-fisioterapia-lanzarote-6-e1759931865332.jpg","type":"image\/jpeg"}],"twitter_card":"summary_large_image","twitter_misc":{"Estimated reading time":"1 minute"},"schema":{"@context":"https:\/\/schema.org","@graph":[{"@type":"WebPage","@id":"https:\/\/stilovitae.com\/quienes-somos\/","url":"https:\/\/stilovitae.com\/quienes-somos\/","name":"Sobre Nosotros | Stilo Vitae Lanzarote | Fisioterapia y Osteopat\u00eda","isPartOf":{"@id":"https:\/\/stilovitae.com\/#website"},"primaryImageOfPage":{"@id":"https:\/\/stilovitae.com\/quienes-somos\/#primaryimage"},"image":{"@id":"https:\/\/stilovitae.com\/quienes-somos\/#primaryimage"},"thumbnailUrl":"https:\/\/stilovitae.com\/wp-content\/uploads\/2025\/10\/stilo-vitae-fisioterapia-lanzarote-6-e1759931865332.jpg","datePublished":"2025-10-03T11:46:10+00:00","dateModified":"2025-10-10T11:39:02+00:00","description":"Conoce Stilo Vitae, centro de fisioterapia y osteopat\u00eda en Lanzarote. Profesionales comprometidos con tu salud y bienestar. Atenci\u00f3n personalizada y cercana.","breadcrumb":{"@id":"https:\/\/stilovitae.com\/quienes-somos\/#breadcrumb"},"inLanguage":"en-GB","potentialAction":[{"@type":"ReadAction","target":["https:\/\/stilovitae.com\/quienes-somos\/"]}]},{"@type":"ImageObject","inLanguage":"en-GB","@id":"https:\/\/stilovitae.com\/quienes-somos\/#primaryimage","url":"https:\/\/stilovitae.com\/wp-content\/uploads\/2025\/10\/stilo-vitae-fisioterapia-lanzarote-6-e1759931865332.jpg","contentUrl":"https:\/\/stilovitae.com\/wp-content\/uploads\/2025\/10\/stilo-vitae-fisioterapia-lanzarote-6-e1759931865332.jpg","width":1620,"height":913},{"@type":"BreadcrumbList","@id":"https:\/\/stilovitae.com\/quienes-somos\/#breadcrumb","itemListElement":[{"@type":"ListItem","position":1,"name":"Portada","item":"https:\/\/stilovitae.com\/"},{"@type":"ListItem","position":2,"name":"Quienes somos"}]},{"@type":"WebSite","@id":"https:\/\/stilovitae.com\/#website","url":"https:\/\/stilovitae.com\/","name":"Fisioterapia Lanzarote - StiloVitae","description":"Centro de fisioterapia y rehabilitaci&oacute;n","publisher":{"@id":"https:\/\/stilovitae.com\/#organization"},"potentialAction":[{"@type":"SearchAction","target":{"@type":"EntryPoint","urlTemplate":"https:\/\/stilovitae.com\/?s={search_term_string}"},"query-input":{"@type":"PropertyValueSpecification","valueRequired":true,"valueName":"search_term_string"}}],"inLanguage":"en-GB"},{"@type":"Organization","@id":"https:\/\/stilovitae.com\/#organization","name":"Fisioterapia Lanzarote - StiloVitae","url":"https:\/\/stilovitae.com\/","logo":{"@type":"ImageObject","inLanguage":"en-GB","@id":"https:\/\/stilovitae.com\/#\/schema\/logo\/image\/","url":"https:\/\/stilovitae.com\/wp-content\/uploads\/2025\/10\/logo.png","contentUrl":"https:\/\/stilovitae.com\/wp-content\/uploads\/2025\/10\/logo.png","width":270,"height":270,"caption":"Fisioterapia Lanzarote - StiloVitae"},"image":{"@id":"https:\/\/stilovitae.com\/#\/schema\/logo\/image\/"}}]}},"taxonomy_info":[],"featured_image_src_large":["https:\/\/stilovitae.com\/wp-content\/uploads\/2025\/10\/stilo-vitae-fisioterapia-lanzarote-6-e1759931865332-1024x577.jpg",1024,577,true],"author_info":{"display_name":"Asdata","author_link":"https:\/\/stilovitae.com\/en\/author\/asdata\/"},"comment_info":0,"_links":{"self":[{"href":"https:\/\/stilovitae.com\/en\/wp-json\/wp\/v2\/pages\/26","targetHints":{"allow":["GET"]}}],"collection":[{"href":"https:\/\/stilovitae.com\/en\/wp-json\/wp\/v2\/pages"}],"about":[{"href":"https:\/\/stilovitae.com\/en\/wp-json\/wp\/v2\/types\/page"}],"author":[{"embeddable":true,"href":"https:\/\/stilovitae.com\/en\/wp-json\/wp\/v2\/users\/2"}],"replies":[{"embeddable":true,"href":"https:\/\/stilovitae.com\/en\/wp-json\/wp\/v2\/comments?post=26"}],"version-history":[{"count":4,"href":"https:\/\/stilovitae.com\/en\/wp-json\/wp\/v2\/pages\/26\/revisions"}],"predecessor-version":[{"id":450,"href":"https:\/\/stilovitae.com\/en\/wp-json\/wp\/v2\/pages\/26\/revisions\/450"}],"wp:featuredmedia":[{"embeddable":true,"href":"https:\/\/stilovitae.com\/en\/wp-json\/wp\/v2\/media\/69"}],"wp:attachment":[{"href":"https:\/\/stilovitae.com\/en\/wp-json\/wp\/v2\/media?parent=26"}],"curies":[{"name":"wp","href":"https:\/\/api.w.org\/{rel}","templated":true}]}}